{"id":2,"date":"2019-08-01T13:04:19","date_gmt":"2019-08-01T10:04:19","guid":{"rendered":"http:\/\/192.168.1.16\/pratikpen.com\/?page_id=2"},"modified":"2024-01-07T21:43:35","modified_gmt":"2024-01-07T18:43:35","slug":"hakkimizda","status":"publish","type":"page","link":"https:\/\/www.pratikpen.com\/en\/hakkimizda","title":{"rendered":"About Us"},"content":{"rendered":"<p>Hello there.<\/p>\n\n\n\n<p>On this site, products that you can use in lettering arts are offered for your benefit. Our greatest source of happiness is to offer you products that you can use with pleasure.<\/p>\n\n\n\n<p>Kind regards.<\/p>\n\n\n\n<p class=\"has-text-align-right\">Pratikpen<br>2021<\/p>","protected":false},"excerpt":{"rendered":"<p>Merhaba. Bu sitede yaz\u0131 sanatlar\u0131nda kullanabilece\u011finiz \u00fcr\u00fcnler , sizlerin istifadesine sunulmaktad\u0131r. En b\u00fcy\u00fck mutluluk kayna\u011f\u0131m\u0131z, sizlere severek kullanabilece\u011finiz \u00fcr\u00fcnler sunabilmektir. Sayg\u0131lar\u0131m\u0131zla. Pratikpen2021<\/p>","protected":false},"author":1,"featured_media":0,"parent":0,"menu_order":0,"comment_status":"closed","ping_status":"open","template":"","meta":{"footnotes":""},"class_list":["post-2","page","type-page","status-publish","hentry"],"_links":{"self":[{"href":"https:\/\/www.pratikpen.com\/en\/wp-json\/wp\/v2\/pages\/2"}],"collection":[{"href":"https:\/\/www.pratikpen.com\/en\/wp-json\/wp\/v2\/pages"}],"about":[{"href":"https:\/\/www.pratikpen.com\/en\/wp-json\/wp\/v2\/types\/page"}],"author":[{"embeddable":true,"href":"https:\/\/www.pratikpen.com\/en\/wp-json\/wp\/v2\/users\/1"}],"replies":[{"embeddable":true,"href":"https:\/\/www.pratikpen.com\/en\/wp-json\/wp\/v2\/comments?post=2"}],"version-history":[{"count":13,"href":"https:\/\/www.pratikpen.com\/en\/wp-json\/wp\/v2\/pages\/2\/revisions"}],"predecessor-version":[{"id":2197,"href":"https:\/\/www.pratikpen.com\/en\/wp-json\/wp\/v2\/pages\/2\/revisions\/2197"}],"wp:attachment":[{"href":"https:\/\/www.pratikpen.com\/en\/wp-json\/wp\/v2\/media?parent=2"}],"curies":[{"name":"wp","href":"https:\/\/api.w.org\/{rel}","templated":true}]}}