{"id":1168,"date":"2021-06-21T12:51:59","date_gmt":"2021-06-21T09:51:59","guid":{"rendered":"https:\/\/www.pratikpen.com\/beta\/?post_type=product&#038;p=1168"},"modified":"2026-01-17T11:04:46","modified_gmt":"2026-01-17T08:04:46","slug":"folded-nib-set-rose","status":"publish","type":"product","link":"https:\/\/www.pratikpen.com\/en\/product\/folded-nib-set-rose","title":{"rendered":"Folded Nib Set &#8211; Rose"},"content":{"rendered":"<p>Made of stainless metal.<\/p>\n<p>It is used with the pen handle.<\/p>\n<p>It is compatible with all standard pen handles.<\/p>","protected":false},"excerpt":{"rendered":"<p>Paslanmaz metalden \u00fcretilmi\u015ftir. Kalem sap\u0131 ile beraber kullan\u0131l\u0131r. Standart b\u00fct\u00fcn kalem saplar\u0131na uyumludur.<\/p>","protected":false},"featured_media":1169,"comment_status":"closed","ping_status":"closed","template":"","meta":[],"product_cat":[90],"product_tag":[],"class_list":["post-1168","product","type-product","status-publish","has-post-thumbnail","hentry","product_cat-folded-nib"],"_links":{"self":[{"href":"https:\/\/www.pratikpen.com\/en\/wp-json\/wp\/v2\/product\/1168"}],"collection":[{"href":"https:\/\/www.pratikpen.com\/en\/wp-json\/wp\/v2\/product"}],"about":[{"href":"https:\/\/www.pratikpen.com\/en\/wp-json\/wp\/v2\/types\/product"}],"replies":[{"embeddable":true,"href":"https:\/\/www.pratikpen.com\/en\/wp-json\/wp\/v2\/comments?post=1168"}],"wp:featuredmedia":[{"embeddable":true,"href":"https:\/\/www.pratikpen.com\/en\/wp-json\/wp\/v2\/media\/1169"}],"wp:attachment":[{"href":"https:\/\/www.pratikpen.com\/en\/wp-json\/wp\/v2\/media?parent=1168"}],"wp:term":[{"taxonomy":"product_cat","embeddable":true,"href":"https:\/\/www.pratikpen.com\/en\/wp-json\/wp\/v2\/product_cat?post=1168"},{"taxonomy":"product_tag","embeddable":true,"href":"https:\/\/www.pratikpen.com\/en\/wp-json\/wp\/v2\/product_tag?post=1168"}],"curies":[{"name":"wp","href":"https:\/\/api.w.org\/{rel}","templated":true}]}}