{"id":1316,"date":"2021-08-23T18:50:11","date_gmt":"2021-08-23T15:50:11","guid":{"rendered":"https:\/\/www.pratikpen.com\/?post_type=product&#038;p=1316"},"modified":"2026-03-01T09:17:03","modified_gmt":"2026-03-01T06:17:03","slug":"kalem-firca-yastigi-5li","status":"publish","type":"product","link":"https:\/\/www.pratikpen.com\/en\/product\/kalem-firca-yastigi-5li","title":{"rendered":"Kalemlik &#8211; F\u0131r\u00e7al\u0131k \/ Pen-Brush Rest"},"content":{"rendered":"","protected":false},"excerpt":{"rendered":"","protected":false},"featured_media":2996,"comment_status":"closed","ping_status":"closed","template":"","meta":[],"product_cat":[192,92,226],"product_tag":[],"class_list":["post-1316","product","type-product","status-publish","has-post-thumbnail","hentry","product_cat-hat-malzemeleri","product_cat-masa-ustu-kalemlik-fircalik","product_cat-diger-urunler"],"_links":{"self":[{"href":"https:\/\/www.pratikpen.com\/en\/wp-json\/wp\/v2\/product\/1316"}],"collection":[{"href":"https:\/\/www.pratikpen.com\/en\/wp-json\/wp\/v2\/product"}],"about":[{"href":"https:\/\/www.pratikpen.com\/en\/wp-json\/wp\/v2\/types\/product"}],"replies":[{"embeddable":true,"href":"https:\/\/www.pratikpen.com\/en\/wp-json\/wp\/v2\/comments?post=1316"}],"wp:featuredmedia":[{"embeddable":true,"href":"https:\/\/www.pratikpen.com\/en\/wp-json\/wp\/v2\/media\/2996"}],"wp:attachment":[{"href":"https:\/\/www.pratikpen.com\/en\/wp-json\/wp\/v2\/media?parent=1316"}],"wp:term":[{"taxonomy":"product_cat","embeddable":true,"href":"https:\/\/www.pratikpen.com\/en\/wp-json\/wp\/v2\/product_cat?post=1316"},{"taxonomy":"product_tag","embeddable":true,"href":"https:\/\/www.pratikpen.com\/en\/wp-json\/wp\/v2\/product_tag?post=1316"}],"curies":[{"name":"wp","href":"https:\/\/api.w.org\/{rel}","templated":true}]}}