{"id":1459,"date":"2022-02-27T12:58:08","date_gmt":"2022-02-27T09:58:08","guid":{"rendered":"https:\/\/www.pratikpen.com\/?post_type=product&#038;p=1459"},"modified":"2026-01-31T09:49:31","modified_gmt":"2026-01-31T06:49:31","slug":"pratikpen-trilin-0-4","status":"publish","type":"product","link":"https:\/\/www.pratikpen.com\/en\/product\/pratikpen-trilin-0-4","title":{"rendered":"Trilin 0.4"},"content":{"rendered":"<p>Pratikpen trilin 0.4 Master :<br \/>\nKay\u0131n a\u011fac\u0131 ergonomik sap.<br \/>\nRose rengi kaplamas\u0131 ile \u00e7elik tutma yeri.<br \/>\nAlt\u0131n rengi kaplamas\u0131 ile \u00e7elik trilin ucu.<br \/>\n\u00dcretim kalitesi sebebiyle kesinlikle ka\u011f\u0131da zarar vermez.<br \/>\nB\u00fct\u00fcn pergellere uyumludur.<br \/>\n0.2mm inceliginde \u00e7izgi \u00e7izebilme.<br \/>\nKonforlu vida sistemi ile kolay a\u00e7\u0131l\u0131p kapanma.<\/p>","protected":false},"excerpt":{"rendered":"<p>Pratikpen trilin 0.4 Master : Kay\u0131n a\u011fac\u0131 ergonomik sap. Rose rengi kaplamas\u0131 ile \u00e7elik tutma yeri. Alt\u0131n rengi kaplamas\u0131 ile \u00e7elik trilin ucu. \u00dcretim kalitesi sebebiyle kesinlikle ka\u011f\u0131da zarar vermez. B\u00fct\u00fcn pergellere uyumludur. 0.2mm inceliginde \u00e7izgi \u00e7izebilme. Konforlu vida sistemi ile kolay a\u00e7\u0131l\u0131p kapanma.<\/p>","protected":false},"featured_media":2903,"comment_status":"closed","ping_status":"closed","template":"","meta":[],"product_cat":[188],"product_tag":[],"class_list":["post-1459","product","type-product","status-publish","has-post-thumbnail","hentry","product_cat-trilin"],"_links":{"self":[{"href":"https:\/\/www.pratikpen.com\/en\/wp-json\/wp\/v2\/product\/1459"}],"collection":[{"href":"https:\/\/www.pratikpen.com\/en\/wp-json\/wp\/v2\/product"}],"about":[{"href":"https:\/\/www.pratikpen.com\/en\/wp-json\/wp\/v2\/types\/product"}],"replies":[{"embeddable":true,"href":"https:\/\/www.pratikpen.com\/en\/wp-json\/wp\/v2\/comments?post=1459"}],"wp:featuredmedia":[{"embeddable":true,"href":"https:\/\/www.pratikpen.com\/en\/wp-json\/wp\/v2\/media\/2903"}],"wp:attachment":[{"href":"https:\/\/www.pratikpen.com\/en\/wp-json\/wp\/v2\/media?parent=1459"}],"wp:term":[{"taxonomy":"product_cat","embeddable":true,"href":"https:\/\/www.pratikpen.com\/en\/wp-json\/wp\/v2\/product_cat?post=1459"},{"taxonomy":"product_tag","embeddable":true,"href":"https:\/\/www.pratikpen.com\/en\/wp-json\/wp\/v2\/product_tag?post=1459"}],"curies":[{"name":"wp","href":"https:\/\/api.w.org\/{rel}","templated":true}]}}