{"id":1460,"date":"2022-02-27T12:59:25","date_gmt":"2022-02-27T09:59:25","guid":{"rendered":"https:\/\/www.pratikpen.com\/?post_type=product&#038;p=1460"},"modified":"2026-02-28T10:11:47","modified_gmt":"2026-02-28T07:11:47","slug":"pratikpen-trilin-0-6","status":"publish","type":"product","link":"https:\/\/www.pratikpen.com\/en\/product\/pratikpen-trilin-0-6","title":{"rendered":"Trilin 0.6"},"content":{"rendered":"<p>Trilin ucu ve tutma yeri \u00f6zel kaplamaya sahip \u00e7elikten \u00fcretilmi\u015ftir. Sap ergonomiktir. \u00c7ini cal\u0131\u015fmalar\u0131nda kullan\u0131labilir. <\/p>","protected":false},"excerpt":{"rendered":"<p>Trilin ucu ve tutma yeri \u00f6zel kaplamaya sahip \u00e7elikten \u00fcretilmi\u015ftir. Sap ergonomiktir. \u00c7ini cal\u0131\u015fmalar\u0131nda kullan\u0131labilir.<\/p>","protected":false},"featured_media":2980,"comment_status":"closed","ping_status":"closed","template":"","meta":[],"product_cat":[188],"product_tag":[],"class_list":["post-1460","product","type-product","status-publish","has-post-thumbnail","hentry","product_cat-trilin"],"_links":{"self":[{"href":"https:\/\/www.pratikpen.com\/en\/wp-json\/wp\/v2\/product\/1460"}],"collection":[{"href":"https:\/\/www.pratikpen.com\/en\/wp-json\/wp\/v2\/product"}],"about":[{"href":"https:\/\/www.pratikpen.com\/en\/wp-json\/wp\/v2\/types\/product"}],"replies":[{"embeddable":true,"href":"https:\/\/www.pratikpen.com\/en\/wp-json\/wp\/v2\/comments?post=1460"}],"wp:featuredmedia":[{"embeddable":true,"href":"https:\/\/www.pratikpen.com\/en\/wp-json\/wp\/v2\/media\/2980"}],"wp:attachment":[{"href":"https:\/\/www.pratikpen.com\/en\/wp-json\/wp\/v2\/media?parent=1460"}],"wp:term":[{"taxonomy":"product_cat","embeddable":true,"href":"https:\/\/www.pratikpen.com\/en\/wp-json\/wp\/v2\/product_cat?post=1460"},{"taxonomy":"product_tag","embeddable":true,"href":"https:\/\/www.pratikpen.com\/en\/wp-json\/wp\/v2\/product_tag?post=1460"}],"curies":[{"name":"wp","href":"https:\/\/api.w.org\/{rel}","templated":true}]}}