{"id":1916,"date":"2023-02-21T20:50:49","date_gmt":"2023-02-21T17:50:49","guid":{"rendered":"https:\/\/www.pratikpen.com\/?post_type=product&#038;p=1916"},"modified":"2026-02-22T21:08:12","modified_gmt":"2026-02-22T18:08:12","slug":"uchenume-set-new-age","status":"publish","type":"product","link":"https:\/\/www.pratikpen.com\/en\/product\/uchenume-set-new-age","title":{"rendered":"Uchen&#038;Ume Set New Age"},"content":{"rendered":"<p>Kalem u\u00e7lar\u0131 1mm, 2mm, 3mm, 4mm ve 5mm \u00f6l\u00e7\u00fclerdedir. Kalem u\u00e7lar\u0131 ve tutma yeri \u00f6zel kaplamaya sahip \u00e7elikten \u00fcretilmi\u015ftir. Kalem sap\u0131 ise kay\u0131n a\u011fac\u0131ndan \u00fcretilmi\u015ftir ve ergonomik bir tasar\u0131ma sahiptir. Sa\u011f ve sol el ile kullan\u0131labilir. Uchen kaligrafi, Ume kaligrafi ve gotik yaz\u0131 i\u00e7in uygundur. Kalemlik, hakiki deriden \u00fcretilmi\u015ftir. <\/p>","protected":false},"excerpt":{"rendered":"<p>Kalem u\u00e7lar\u0131 1mm, 2mm, 3mm, 4mm ve 5mm \u00f6l\u00e7\u00fclerdedir. Kalem u\u00e7lar\u0131 ve tutma yeri \u00f6zel kaplamaya sahip \u00e7elikten \u00fcretilmi\u015ftir. Kalem sap\u0131 ise kay\u0131n a\u011fac\u0131ndan \u00fcretilmi\u015ftir ve ergonomik bir tasar\u0131ma sahiptir. Sa\u011f ve sol el ile kullan\u0131labilir. Uchen kaligrafi, Ume kaligrafi ve gotik yaz\u0131 i\u00e7in uygundur. Kalemlik, hakiki deriden \u00fcretilmi\u015ftir.<\/p>","protected":false},"featured_media":2928,"comment_status":"closed","ping_status":"closed","template":"","meta":[],"product_cat":[194],"product_tag":[],"class_list":["post-1916","product","type-product","status-publish","has-post-thumbnail","hentry","product_cat-tibetan-kalem-ve-setleri"],"_links":{"self":[{"href":"https:\/\/www.pratikpen.com\/en\/wp-json\/wp\/v2\/product\/1916"}],"collection":[{"href":"https:\/\/www.pratikpen.com\/en\/wp-json\/wp\/v2\/product"}],"about":[{"href":"https:\/\/www.pratikpen.com\/en\/wp-json\/wp\/v2\/types\/product"}],"replies":[{"embeddable":true,"href":"https:\/\/www.pratikpen.com\/en\/wp-json\/wp\/v2\/comments?post=1916"}],"wp:featuredmedia":[{"embeddable":true,"href":"https:\/\/www.pratikpen.com\/en\/wp-json\/wp\/v2\/media\/2928"}],"wp:attachment":[{"href":"https:\/\/www.pratikpen.com\/en\/wp-json\/wp\/v2\/media?parent=1916"}],"wp:term":[{"taxonomy":"product_cat","embeddable":true,"href":"https:\/\/www.pratikpen.com\/en\/wp-json\/wp\/v2\/product_cat?post=1916"},{"taxonomy":"product_tag","embeddable":true,"href":"https:\/\/www.pratikpen.com\/en\/wp-json\/wp\/v2\/product_tag?post=1916"}],"curies":[{"name":"wp","href":"https:\/\/api.w.org\/{rel}","templated":true}]}}