{"id":1982,"date":"2023-03-15T18:02:38","date_gmt":"2023-03-15T15:02:38","guid":{"rendered":"https:\/\/www.pratikpen.com\/?post_type=product&#038;p=1982"},"modified":"2026-02-25T07:26:26","modified_gmt":"2026-02-25T04:26:26","slug":"italik-set-new-age","status":"publish","type":"product","link":"https:\/\/www.pratikpen.com\/en\/product\/italik-set-new-age","title":{"rendered":"\u0130talik Set New Age"},"content":{"rendered":"<p>EN : The pen nib and the grip on the pen handle are made of steel and have a special coating. The pen handle is made of beech wood and has an ergonomic design. The double-chambered nib allows for more ink to be stored in the nib, enabling longer writing times with a single dip. The pen can be used with both the right and left hand. If the pen nib is washed with water and dried with a tissue or similar after each use, the pen will always perform as well as it did on the first day. The pen case is made of genuine leather with an original design by Pratikpen. It is very easy to use. It tightly holds all pens placed inside without damaging them. Thanks to its minimalist design, it is very easy to use and carry.<\/p>\n<p>TR : Kalem ucu ve kalem sap\u0131ndaki tutma yeri \u00e7elikten \u00fcretilmi\u015ftir ve \u00f6zel kaplamaya sahiptir. kalem sap\u0131 ise kay\u0131n a\u011fac\u0131ndan \u00fcretilmi\u015f olup ergonomik bir yap\u0131ya sahiptir. kalem ucunun \u00e7ift hazneli olmas\u0131, kalem ucunda daha fazla m\u00fcrekkep depolanmas\u0131na olanak tan\u0131r. bu da bir defa m\u00fcrekkebe dald\u0131r\u0131\u015fla daha uzun yazma imkan\u0131 tan\u0131r. Kalem, Sa\u011f ve sol el ile kullan\u0131labilir. Kalem ucu, her kullan\u0131mdan sonra su ile y\u0131kan\u0131p pe\u00e7ete vb. ile kurulan\u0131rsa her zaman kalemi ilk g\u00fcnk\u00fc performans\u0131nda kullanabilirsiniz. kalemlik. hakiki deriden Pratikpene ait \u00f6zg\u00fcn  tasar\u0131m\u0131yla sizler i\u00e7in \u00fcretilmi\u015ftir. Kullan\u0131m\u0131 gayet kolayd\u0131r. \u0130\u00e7ine konulan b\u00fct\u00fcn kalemleri kalemlere zarar vermeden s\u0131k\u0131ca sarar. minimal yap\u0131s\u0131 sayesinde kullan\u0131m\u0131 ve ta\u015f\u0131nmas\u0131 \u00e7ok kolayd\u0131r.<\/p>","protected":false},"excerpt":{"rendered":"<p>EN : The pen nib and the grip on the pen handle are made of steel and have a special coating. The pen handle is made of beech wood and has an ergonomic design. The double-chambered nib allows for more ink to be stored in the nib, enabling longer writing times with a single dip. [&hellip;]<\/p>","protected":false},"featured_media":2951,"comment_status":"closed","ping_status":"closed","template":"","meta":[],"product_cat":[196],"product_tag":[],"class_list":["post-1982","product","type-product","status-publish","has-post-thumbnail","hentry","product_cat-italik-kalemler-ve-seti"],"_links":{"self":[{"href":"https:\/\/www.pratikpen.com\/en\/wp-json\/wp\/v2\/product\/1982"}],"collection":[{"href":"https:\/\/www.pratikpen.com\/en\/wp-json\/wp\/v2\/product"}],"about":[{"href":"https:\/\/www.pratikpen.com\/en\/wp-json\/wp\/v2\/types\/product"}],"replies":[{"embeddable":true,"href":"https:\/\/www.pratikpen.com\/en\/wp-json\/wp\/v2\/comments?post=1982"}],"wp:featuredmedia":[{"embeddable":true,"href":"https:\/\/www.pratikpen.com\/en\/wp-json\/wp\/v2\/media\/2951"}],"wp:attachment":[{"href":"https:\/\/www.pratikpen.com\/en\/wp-json\/wp\/v2\/media?parent=1982"}],"wp:term":[{"taxonomy":"product_cat","embeddable":true,"href":"https:\/\/www.pratikpen.com\/en\/wp-json\/wp\/v2\/product_cat?post=1982"},{"taxonomy":"product_tag","embeddable":true,"href":"https:\/\/www.pratikpen.com\/en\/wp-json\/wp\/v2\/product_tag?post=1982"}],"curies":[{"name":"wp","href":"https:\/\/api.w.org\/{rel}","templated":true}]}}