{"id":2093,"date":"2023-08-10T07:56:48","date_gmt":"2023-08-10T04:56:48","guid":{"rendered":"https:\/\/www.pratikpen.com\/?post_type=product&#038;p=2093"},"modified":"2026-02-28T07:34:50","modified_gmt":"2026-02-28T04:34:50","slug":"h17-new-age","status":"publish","type":"product","link":"https:\/\/www.pratikpen.com\/en\/product\/h17-new-age","title":{"rendered":"H17 Hat (S\u00fcl\u00fcs,Divani) \/ Talik \/ Devnagari Kalem New Age"},"content":{"rendered":"<p>EN : The pen nib and the grip on the pen handle are made of steel and have a special coating. The pen handle is made of beech wood and has an ergonomic design. The double-chambered nib allows for more ink to be stored in the nib, enabling longer writing times with a single dip. The pen can be used with both the right and left hand. If the pen nib is washed with water and dried with a tissue or similar after each use, the pen will always perform as well as it did on the first day.<br \/>\nTR : Kalem ucu ve kalem sap\u0131ndaki tutma yeri \u00e7elikten \u00fcretilmi\u015ftir ve \u00f6zel kaplamaya sahiptir. Kalem sap\u0131 ise kay\u0131n a\u011fac\u0131ndan \u00fcretilmi\u015f olup ergonomik bir yap\u0131dad\u0131r. Kalem ucunun \u00e7ift hazneli olmas\u0131, kalem ucunda daha fazla m\u00fcrekkep depolanmas\u0131na olanak tan\u0131r. Bu da kalem ucunu bir defa m\u00fcrekkebe dald\u0131r\u0131\u015fla daha uzun yazma imkan\u0131 tan\u0131r. Kalem, Sa\u011f ve sol el ile kullan\u0131labilir. Kalem ucu, her kullan\u0131mdan sonra su ile y\u0131kan\u0131p pe\u00e7ete vb. ile kurulan\u0131rsa her zaman kalemi ilk g\u00fcnk\u00fc performans\u0131nda kullanabilirsiniz.<\/p>","protected":false},"excerpt":{"rendered":"<p>EN : The pen nib and the grip on the pen handle are made of steel and have a special coating. The pen handle is made of beech wood and has an ergonomic design. The double-chambered nib allows for more ink to be stored in the nib, enabling longer writing times with a single dip. [&hellip;]<\/p>","protected":false},"featured_media":1857,"comment_status":"closed","ping_status":"closed","template":"","meta":[],"product_cat":[191],"product_tag":[],"class_list":["post-2093","product","type-product","status-publish","has-post-thumbnail","hentry","product_cat-hat-kalem-setleri"],"_links":{"self":[{"href":"https:\/\/www.pratikpen.com\/en\/wp-json\/wp\/v2\/product\/2093"}],"collection":[{"href":"https:\/\/www.pratikpen.com\/en\/wp-json\/wp\/v2\/product"}],"about":[{"href":"https:\/\/www.pratikpen.com\/en\/wp-json\/wp\/v2\/types\/product"}],"replies":[{"embeddable":true,"href":"https:\/\/www.pratikpen.com\/en\/wp-json\/wp\/v2\/comments?post=2093"}],"wp:featuredmedia":[{"embeddable":true,"href":"https:\/\/www.pratikpen.com\/en\/wp-json\/wp\/v2\/media\/1857"}],"wp:attachment":[{"href":"https:\/\/www.pratikpen.com\/en\/wp-json\/wp\/v2\/media?parent=2093"}],"wp:term":[{"taxonomy":"product_cat","embeddable":true,"href":"https:\/\/www.pratikpen.com\/en\/wp-json\/wp\/v2\/product_cat?post=2093"},{"taxonomy":"product_tag","embeddable":true,"href":"https:\/\/www.pratikpen.com\/en\/wp-json\/wp\/v2\/product_tag?post=2093"}],"curies":[{"name":"wp","href":"https:\/\/api.w.org\/{rel}","templated":true}]}}