{"id":2267,"date":"2024-03-14T07:59:12","date_gmt":"2024-03-14T04:59:12","guid":{"rendered":"https:\/\/www.pratikpen.com\/?post_type=product&#038;p=2267"},"modified":"2026-01-17T11:32:13","modified_gmt":"2026-01-17T08:32:13","slug":"divit-sapi-fine-kirmizi","status":"publish","type":"product","link":"https:\/\/www.pratikpen.com\/en\/product\/divit-sapi-fine-kirmizi","title":{"rendered":"Divit Sap\u0131 Fine &#8211; K\u0131rm\u0131z\u0131"},"content":{"rendered":"","protected":false},"excerpt":{"rendered":"","protected":false},"featured_media":2294,"comment_status":"closed","ping_status":"closed","template":"","meta":[],"product_cat":[221],"product_tag":[],"class_list":["post-2267","product","type-product","status-publish","has-post-thumbnail","hentry","product_cat-divit-saplari"],"_links":{"self":[{"href":"https:\/\/www.pratikpen.com\/en\/wp-json\/wp\/v2\/product\/2267"}],"collection":[{"href":"https:\/\/www.pratikpen.com\/en\/wp-json\/wp\/v2\/product"}],"about":[{"href":"https:\/\/www.pratikpen.com\/en\/wp-json\/wp\/v2\/types\/product"}],"replies":[{"embeddable":true,"href":"https:\/\/www.pratikpen.com\/en\/wp-json\/wp\/v2\/comments?post=2267"}],"wp:featuredmedia":[{"embeddable":true,"href":"https:\/\/www.pratikpen.com\/en\/wp-json\/wp\/v2\/media\/2294"}],"wp:attachment":[{"href":"https:\/\/www.pratikpen.com\/en\/wp-json\/wp\/v2\/media?parent=2267"}],"wp:term":[{"taxonomy":"product_cat","embeddable":true,"href":"https:\/\/www.pratikpen.com\/en\/wp-json\/wp\/v2\/product_cat?post=2267"},{"taxonomy":"product_tag","embeddable":true,"href":"https:\/\/www.pratikpen.com\/en\/wp-json\/wp\/v2\/product_tag?post=2267"}],"curies":[{"name":"wp","href":"https:\/\/api.w.org\/{rel}","templated":true}]}}