{"id":2306,"date":"2024-03-17T11:34:55","date_gmt":"2024-03-17T08:34:55","guid":{"rendered":"https:\/\/www.pratikpen.com\/?post_type=product&#038;p=2306"},"modified":"2026-01-17T11:31:20","modified_gmt":"2026-01-17T08:31:20","slug":"java-sapi-kirmizi","status":"publish","type":"product","link":"https:\/\/www.pratikpen.com\/en\/product\/java-sapi-kirmizi","title":{"rendered":"Java Sap\u0131 &#8211; K\u0131rm\u0131z\u0131"},"content":{"rendered":"","protected":false},"excerpt":{"rendered":"","protected":false},"featured_media":2299,"comment_status":"closed","ping_status":"closed","template":"","meta":[],"product_cat":[192],"product_tag":[],"class_list":["post-2306","product","type-product","status-publish","has-post-thumbnail","hentry","product_cat-hat-malzemeleri"],"_links":{"self":[{"href":"https:\/\/www.pratikpen.com\/en\/wp-json\/wp\/v2\/product\/2306"}],"collection":[{"href":"https:\/\/www.pratikpen.com\/en\/wp-json\/wp\/v2\/product"}],"about":[{"href":"https:\/\/www.pratikpen.com\/en\/wp-json\/wp\/v2\/types\/product"}],"replies":[{"embeddable":true,"href":"https:\/\/www.pratikpen.com\/en\/wp-json\/wp\/v2\/comments?post=2306"}],"wp:featuredmedia":[{"embeddable":true,"href":"https:\/\/www.pratikpen.com\/en\/wp-json\/wp\/v2\/media\/2299"}],"wp:attachment":[{"href":"https:\/\/www.pratikpen.com\/en\/wp-json\/wp\/v2\/media?parent=2306"}],"wp:term":[{"taxonomy":"product_cat","embeddable":true,"href":"https:\/\/www.pratikpen.com\/en\/wp-json\/wp\/v2\/product_cat?post=2306"},{"taxonomy":"product_tag","embeddable":true,"href":"https:\/\/www.pratikpen.com\/en\/wp-json\/wp\/v2\/product_tag?post=2306"}],"curies":[{"name":"wp","href":"https:\/\/api.w.org\/{rel}","templated":true}]}}