{"id":2326,"date":"2024-03-29T05:52:44","date_gmt":"2024-03-29T02:52:44","guid":{"rendered":"https:\/\/www.pratikpen.com\/?post_type=product&#038;p=2326"},"modified":"2026-01-17T11:30:21","modified_gmt":"2026-01-17T08:30:21","slug":"kalemlik-fircalik-5li","status":"publish","type":"product","link":"https:\/\/www.pratikpen.com\/en\/product\/kalemlik-fircalik-5li","title":{"rendered":"Kalemlik\/F\u0131r\u00e7al\u0131k 5li"},"content":{"rendered":"","protected":false},"excerpt":{"rendered":"","protected":false},"featured_media":2324,"comment_status":"closed","ping_status":"closed","template":"","meta":[],"product_cat":[92],"product_tag":[],"class_list":["post-2326","product","type-product","status-publish","has-post-thumbnail","hentry","product_cat-masa-ustu-kalemlik-fircalik"],"_links":{"self":[{"href":"https:\/\/www.pratikpen.com\/en\/wp-json\/wp\/v2\/product\/2326"}],"collection":[{"href":"https:\/\/www.pratikpen.com\/en\/wp-json\/wp\/v2\/product"}],"about":[{"href":"https:\/\/www.pratikpen.com\/en\/wp-json\/wp\/v2\/types\/product"}],"replies":[{"embeddable":true,"href":"https:\/\/www.pratikpen.com\/en\/wp-json\/wp\/v2\/comments?post=2326"}],"wp:featuredmedia":[{"embeddable":true,"href":"https:\/\/www.pratikpen.com\/en\/wp-json\/wp\/v2\/media\/2324"}],"wp:attachment":[{"href":"https:\/\/www.pratikpen.com\/en\/wp-json\/wp\/v2\/media?parent=2326"}],"wp:term":[{"taxonomy":"product_cat","embeddable":true,"href":"https:\/\/www.pratikpen.com\/en\/wp-json\/wp\/v2\/product_cat?post=2326"},{"taxonomy":"product_tag","embeddable":true,"href":"https:\/\/www.pratikpen.com\/en\/wp-json\/wp\/v2\/product_tag?post=2326"}],"curies":[{"name":"wp","href":"https:\/\/api.w.org\/{rel}","templated":true}]}}