{"id":2395,"date":"2024-07-06T22:05:45","date_gmt":"2024-07-06T19:05:45","guid":{"rendered":"https:\/\/www.pratikpen.com\/?post_type=product&#038;p=2395"},"modified":"2026-03-01T09:13:00","modified_gmt":"2026-03-01T06:13:00","slug":"makrome-kalemlik-fircalik-mavi","status":"publish","type":"product","link":"https:\/\/www.pratikpen.com\/en\/product\/makrome-kalemlik-fircalik-mavi","title":{"rendered":"Makrome Kalemlik\/F\u0131r\u00e7al\u0131k  &#8211; Mavi"},"content":{"rendered":"<p>El i\u015f\u00e7ili\u011fi ile teknolojinin bir araya geldi\u011fi \u00f6zel tasar\u0131m bir \u00fcr\u00fcnd\u00fcr.\u00a0 Makrome ipinden,\u00a0 el i\u015f\u00e7ili\u011fi ile \u00fcretilmi\u015ftir.\u00a0 Kalemlerinizi veya f\u0131r\u00e7alar\u0131n\u0131z\u0131 koyabilece\u011finiz alan standart olarak 10 b\u00f6l\u00fcmden olu\u015fur. B\u00f6l\u00fcmleri olu\u015fturan vida sistemi kolay bir \u015fekilde yer de\u011fi\u015ftirebilmektedir. Bu sayede b\u00f6lmeleri diledi\u011finiz adet ve geni\u015flikte ayarlayabilirsiniz.\u00a0 Kalemlik, f\u0131r\u00e7al\u0131k veya t\u0131\u011f d\u00fczenleyici olarak kullanabilirsiniz. Makrome kalemlik \u00fczerinde yer alan kalem, f\u0131r\u00e7a\u00a0 ve t\u0131\u011flar g\u00f6rsel ama\u00e7l\u0131d\u0131r ve kalemli\u011fin bir par\u00e7as\u0131 de\u011fildir. Bu \u00fcr\u00fcn\u00fc sat\u0131n ald\u0131\u011f\u0131n\u0131zda size sadece Makrome Kalemlik g\u00f6nderilecektir.<\/p>","protected":false},"excerpt":{"rendered":"<p>El i\u015f\u00e7ili\u011fi ile teknolojinin bir araya geldi\u011fi \u00f6zel tasar\u0131m bir \u00fcr\u00fcnd\u00fcr.\u00a0 Makrome ipinden,\u00a0 el i\u015f\u00e7ili\u011fi ile \u00fcretilmi\u015ftir.\u00a0 Kalemlerinizi veya f\u0131r\u00e7alar\u0131n\u0131z\u0131 koyabilece\u011finiz alan standart olarak 10 b\u00f6l\u00fcmden olu\u015fur. B\u00f6l\u00fcmleri olu\u015fturan vida sistemi kolay bir \u015fekilde yer de\u011fi\u015ftirebilmektedir. Bu sayede b\u00f6lmeleri diledi\u011finiz adet ve geni\u015flikte ayarlayabilirsiniz.\u00a0 Kalemlik, f\u0131r\u00e7al\u0131k veya t\u0131\u011f d\u00fczenleyici olarak kullanabilirsiniz. Makrome kalemlik \u00fczerinde yer [&hellip;]<\/p>","protected":false},"featured_media":2381,"comment_status":"closed","ping_status":"closed","template":"","meta":[],"product_cat":[84],"product_tag":[],"class_list":["post-2395","product","type-product","status-publish","has-post-thumbnail","hentry","product_cat-makrome-kalemlik-fircalik"],"_links":{"self":[{"href":"https:\/\/www.pratikpen.com\/en\/wp-json\/wp\/v2\/product\/2395"}],"collection":[{"href":"https:\/\/www.pratikpen.com\/en\/wp-json\/wp\/v2\/product"}],"about":[{"href":"https:\/\/www.pratikpen.com\/en\/wp-json\/wp\/v2\/types\/product"}],"replies":[{"embeddable":true,"href":"https:\/\/www.pratikpen.com\/en\/wp-json\/wp\/v2\/comments?post=2395"}],"wp:featuredmedia":[{"embeddable":true,"href":"https:\/\/www.pratikpen.com\/en\/wp-json\/wp\/v2\/media\/2381"}],"wp:attachment":[{"href":"https:\/\/www.pratikpen.com\/en\/wp-json\/wp\/v2\/media?parent=2395"}],"wp:term":[{"taxonomy":"product_cat","embeddable":true,"href":"https:\/\/www.pratikpen.com\/en\/wp-json\/wp\/v2\/product_cat?post=2395"},{"taxonomy":"product_tag","embeddable":true,"href":"https:\/\/www.pratikpen.com\/en\/wp-json\/wp\/v2\/product_tag?post=2395"}],"curies":[{"name":"wp","href":"https:\/\/api.w.org\/{rel}","templated":true}]}}