{"id":2510,"date":"2024-08-28T16:02:04","date_gmt":"2024-08-28T13:02:04","guid":{"rendered":"https:\/\/www.pratikpen.com\/?post_type=product&#038;p=2510"},"modified":"2026-01-17T11:23:56","modified_gmt":"2026-01-17T08:23:56","slug":"ki3-italik-kaligrafi-kalemi","status":"publish","type":"product","link":"https:\/\/www.pratikpen.com\/en\/product\/ki3-italik-kaligrafi-kalemi","title":{"rendered":"K\u01303 \u0130talik Kalem Klasik"},"content":{"rendered":"","protected":false},"excerpt":{"rendered":"<p>U\u00e7 geni\u015fli\u011fi 3mm dir. Kalem ucu paslanmaz \u00e7elikten \u00fcretilmi\u015ftir.\u00a0 Yazarken ka\u011f\u0131da tak\u0131lma yapmaz. Kalem ucu m\u00fcrekkebe tek dald\u0131r\u0131\u015fta divit u\u00e7lar\u0131na k\u0131yasla daha uzun yazar. Yazarken harflerin\u00a0 ince ve keskin \u015fekilde olmas\u0131n\u0131 sa\u011flar.\u00a0 Kalem sap\u0131, kay\u0131n a\u011fac\u0131ndan \u00fcretilmi\u015ftir.\u00a0 Konforlu bir tutu\u015fa sahiptir. Kalem ucu,su ve di\u015f f\u0131r\u00e7as\u0131 ile kolayca temizlenebilir. Yazarken kalemin performans\u0131n\u0131n ilk g\u00fcnk\u00fc gibi olmas\u0131 i\u00e7in kalem ucunun her zaman temiz olmas\u0131na dikkat edilmelidir.<\/p>","protected":false},"featured_media":2509,"comment_status":"closed","ping_status":"closed","template":"","meta":[],"product_cat":[196,96],"product_tag":[],"class_list":["post-2510","product","type-product","status-publish","has-post-thumbnail","hentry","product_cat-italik-kalemler-ve-seti","product_cat-bambu-hat-kalemleri-ve-seti"],"_links":{"self":[{"href":"https:\/\/www.pratikpen.com\/en\/wp-json\/wp\/v2\/product\/2510"}],"collection":[{"href":"https:\/\/www.pratikpen.com\/en\/wp-json\/wp\/v2\/product"}],"about":[{"href":"https:\/\/www.pratikpen.com\/en\/wp-json\/wp\/v2\/types\/product"}],"replies":[{"embeddable":true,"href":"https:\/\/www.pratikpen.com\/en\/wp-json\/wp\/v2\/comments?post=2510"}],"wp:featuredmedia":[{"embeddable":true,"href":"https:\/\/www.pratikpen.com\/en\/wp-json\/wp\/v2\/media\/2509"}],"wp:attachment":[{"href":"https:\/\/www.pratikpen.com\/en\/wp-json\/wp\/v2\/media?parent=2510"}],"wp:term":[{"taxonomy":"product_cat","embeddable":true,"href":"https:\/\/www.pratikpen.com\/en\/wp-json\/wp\/v2\/product_cat?post=2510"},{"taxonomy":"product_tag","embeddable":true,"href":"https:\/\/www.pratikpen.com\/en\/wp-json\/wp\/v2\/product_tag?post=2510"}],"curies":[{"name":"wp","href":"https:\/\/api.w.org\/{rel}","templated":true}]}}