{"id":2530,"date":"2024-10-19T11:01:32","date_gmt":"2024-10-19T08:01:32","guid":{"rendered":"https:\/\/www.pratikpen.com\/?post_type=product&#038;p=2530"},"modified":"2026-02-28T07:56:33","modified_gmt":"2026-02-28T04:56:33","slug":"makta","status":"publish","type":"product","link":"https:\/\/www.pratikpen.com\/en\/product\/makta","title":{"rendered":"Makta (Z\u0131mparal\u0131, Klavuzlu, Milimetre \u00d6l\u00e7\u00fcl\u00fc)"},"content":{"rendered":"<p>EN : The Pratikpen makta has features such as a sanding , guide line, and millimeter measurement. You can use it for Naskh, Riqa, Thuluth, Divani, and Talik pens. It is for wooden pens such as reed and bamboo. The surface of the pen, where the angles are located, is made of steel. The angled line at the top of the pen is for Naskh, Riqa, Thuluth, and Divani pen tips. The angled line at the bottom is for Talik pen tips. After opening the pen tip, place the pen on the pen. Cut the pen tip according to the desired angle. Then, you can adjust the tip width using the millimeter measurements on the pen.<\/p>\n<p>TR : Z\u0131mparal\u0131, Klavuz \u00c7izgili, Milimetre  \u00f6l\u00e7\u00fcl\u00fcd\u00fcr. Nesih, Rik&#8217;a, S\u00fcl\u00fcs, Divani ve Talik i\u00e7in kullanabilirsiniz.<br \/>\nKam\u0131\u015f ve bambu gibi ah\u015fap kalemler i\u00e7indir. E\u011fimlerin yer ald\u0131\u011f\u0131 makta y\u00fczeyi \u00e7eliktir. Maktada \u00fcst tarafta yer alan e\u011fimli \u00e7izgi Nesih, Rik&#8217;a, S\u00fcl\u00fcs, Divani kalem u\u00e7lar\u0131 i\u00e7indir. Alttaki e\u011fimli \u00e7izgi ise Talik kalem u\u00e7lar\u0131 i\u00e7indir. Kalem a\u011fz\u0131n\u0131 a\u00e7t\u0131ktan sonra kalemi makta \u00fczerine koyunuz. \u0130stedi\u011finiz e\u011fime g\u00f6re kalem ucunu kesiniz. Daha sonra makta \u00fczerindeki milimetrik \u00f6l\u00e7\u00fclerden yararlanarak u\u00e7 geni\u015fli\u011fini ayarlayabilirsiniz.<\/p>","protected":false},"excerpt":{"rendered":"<p>EN : The Pratikpen makta has features such as a sanding , guide line, and millimeter measurement. You can use it for Naskh, Riqa, Thuluth, Divani, and Talik pens. It is for wooden pens such as reed and bamboo. The surface of the pen, where the angles are located, is made of steel. The angled [&hellip;]<\/p>","protected":false},"featured_media":2922,"comment_status":"closed","ping_status":"closed","template":"","meta":[],"product_cat":[192],"product_tag":[],"class_list":["post-2530","product","type-product","status-publish","has-post-thumbnail","hentry","product_cat-hat-malzemeleri"],"_links":{"self":[{"href":"https:\/\/www.pratikpen.com\/en\/wp-json\/wp\/v2\/product\/2530"}],"collection":[{"href":"https:\/\/www.pratikpen.com\/en\/wp-json\/wp\/v2\/product"}],"about":[{"href":"https:\/\/www.pratikpen.com\/en\/wp-json\/wp\/v2\/types\/product"}],"replies":[{"embeddable":true,"href":"https:\/\/www.pratikpen.com\/en\/wp-json\/wp\/v2\/comments?post=2530"}],"wp:featuredmedia":[{"embeddable":true,"href":"https:\/\/www.pratikpen.com\/en\/wp-json\/wp\/v2\/media\/2922"}],"wp:attachment":[{"href":"https:\/\/www.pratikpen.com\/en\/wp-json\/wp\/v2\/media?parent=2530"}],"wp:term":[{"taxonomy":"product_cat","embeddable":true,"href":"https:\/\/www.pratikpen.com\/en\/wp-json\/wp\/v2\/product_cat?post=2530"},{"taxonomy":"product_tag","embeddable":true,"href":"https:\/\/www.pratikpen.com\/en\/wp-json\/wp\/v2\/product_tag?post=2530"}],"curies":[{"name":"wp","href":"https:\/\/api.w.org\/{rel}","templated":true}]}}