{"id":2535,"date":"2024-10-19T13:18:10","date_gmt":"2024-10-19T10:18:10","guid":{"rendered":"https:\/\/www.pratikpen.com\/?post_type=product&#038;p=2535"},"modified":"2026-01-17T11:22:22","modified_gmt":"2026-01-17T08:22:22","slug":"murekkep-hazneli-copperplate-uc-brause-361","status":"publish","type":"product","link":"https:\/\/www.pratikpen.com\/en\/product\/murekkep-hazneli-copperplate-uc-brause-361","title":{"rendered":"M\u00fcrekkep Hazneli Copperplate  U\u00e7 . Brause 361"},"content":{"rendered":"<p>B\u00fct\u00fcn ak\u0131\u015fkan m\u00fcrekkep ve boyalarla kullanabilirsiniz. M\u00fcrekkep haznesi sayesinde ucu m\u00fcrekkebe\/boyaya tek dald\u0131r\u0131\u015fta daha uzun yaz\u0131lar yazabilirsiniz. <\/p>\n<p>M\u00fcrekkep Haznesi sonradan uca monte edilmi\u015ftir. U\u00e7 \u00fczerinde punta izleri bulunabilir.<\/p>","protected":false},"excerpt":{"rendered":"<p>B\u00fct\u00fcn ak\u0131\u015fkan m\u00fcrekkep ve boyalarla kullanabilirsiniz. M\u00fcrekkep haznesi sayesinde ucu m\u00fcrekkebe\/boyaya tek dald\u0131r\u0131\u015fta daha uzun yaz\u0131lar yazabilirsiniz. M\u00fcrekkep Haznesi sonradan uca monte edilmi\u015ftir. U\u00e7 \u00fczerinde punta izleri bulunabilir.<\/p>","protected":false},"featured_media":2532,"comment_status":"closed","ping_status":"closed","template":"","meta":[],"product_cat":[86],"product_tag":[],"class_list":["post-2535","product","type-product","status-publish","has-post-thumbnail","hentry","product_cat-copperplate-uc-ve-saplari"],"_links":{"self":[{"href":"https:\/\/www.pratikpen.com\/en\/wp-json\/wp\/v2\/product\/2535"}],"collection":[{"href":"https:\/\/www.pratikpen.com\/en\/wp-json\/wp\/v2\/product"}],"about":[{"href":"https:\/\/www.pratikpen.com\/en\/wp-json\/wp\/v2\/types\/product"}],"replies":[{"embeddable":true,"href":"https:\/\/www.pratikpen.com\/en\/wp-json\/wp\/v2\/comments?post=2535"}],"wp:featuredmedia":[{"embeddable":true,"href":"https:\/\/www.pratikpen.com\/en\/wp-json\/wp\/v2\/media\/2532"}],"wp:attachment":[{"href":"https:\/\/www.pratikpen.com\/en\/wp-json\/wp\/v2\/media?parent=2535"}],"wp:term":[{"taxonomy":"product_cat","embeddable":true,"href":"https:\/\/www.pratikpen.com\/en\/wp-json\/wp\/v2\/product_cat?post=2535"},{"taxonomy":"product_tag","embeddable":true,"href":"https:\/\/www.pratikpen.com\/en\/wp-json\/wp\/v2\/product_tag?post=2535"}],"curies":[{"name":"wp","href":"https:\/\/api.w.org\/{rel}","templated":true}]}}