{"id":2540,"date":"2024-10-20T11:20:24","date_gmt":"2024-10-20T08:20:24","guid":{"rendered":"https:\/\/www.pratikpen.com\/?post_type=product&#038;p=2540"},"modified":"2026-01-17T11:21:09","modified_gmt":"2026-01-17T08:21:09","slug":"kamis-kalemler-icin-murekkep-haznesi","status":"publish","type":"product","link":"https:\/\/www.pratikpen.com\/en\/product\/kamis-kalemler-icin-murekkep-haznesi","title":{"rendered":"Kam\u0131\u015f Kalemler \u0130\u00e7in M\u00fcrekkep Haznesi"},"content":{"rendered":"<p>Paslanmaz \u00e7elikten \u00fcretilmi\u015ftir.<br \/>\nB\u00fct\u00fcn kam\u0131\u015f kalemlere uyumludur.<br \/>\nKullan\u0131m\u0131 kolay ve pratiktir.<\/p>","protected":false},"excerpt":{"rendered":"<p>Paslanmaz \u00e7elikten \u00fcretilmi\u015ftir. B\u00fct\u00fcn kam\u0131\u015f kalemlere uyumludur. Kullan\u0131m\u0131 kolay ve pratiktir.<\/p>","protected":false},"featured_media":2539,"comment_status":"closed","ping_status":"closed","template":"","meta":[],"product_cat":[192],"product_tag":[],"class_list":["post-2540","product","type-product","status-publish","has-post-thumbnail","hentry","product_cat-hat-malzemeleri"],"_links":{"self":[{"href":"https:\/\/www.pratikpen.com\/en\/wp-json\/wp\/v2\/product\/2540"}],"collection":[{"href":"https:\/\/www.pratikpen.com\/en\/wp-json\/wp\/v2\/product"}],"about":[{"href":"https:\/\/www.pratikpen.com\/en\/wp-json\/wp\/v2\/types\/product"}],"replies":[{"embeddable":true,"href":"https:\/\/www.pratikpen.com\/en\/wp-json\/wp\/v2\/comments?post=2540"}],"wp:featuredmedia":[{"embeddable":true,"href":"https:\/\/www.pratikpen.com\/en\/wp-json\/wp\/v2\/media\/2539"}],"wp:attachment":[{"href":"https:\/\/www.pratikpen.com\/en\/wp-json\/wp\/v2\/media?parent=2540"}],"wp:term":[{"taxonomy":"product_cat","embeddable":true,"href":"https:\/\/www.pratikpen.com\/en\/wp-json\/wp\/v2\/product_cat?post=2540"},{"taxonomy":"product_tag","embeddable":true,"href":"https:\/\/www.pratikpen.com\/en\/wp-json\/wp\/v2\/product_tag?post=2540"}],"curies":[{"name":"wp","href":"https:\/\/api.w.org\/{rel}","templated":true}]}}