{"id":2632,"date":"2025-01-13T22:14:22","date_gmt":"2025-01-13T19:14:22","guid":{"rendered":"https:\/\/www.pratikpen.com\/?post_type=product&#038;p=2632"},"modified":"2026-01-17T11:20:36","modified_gmt":"2026-01-17T08:20:36","slug":"trilin-new-age","status":"publish","type":"product","link":"https:\/\/www.pratikpen.com\/en\/product\/trilin-new-age","title":{"rendered":"Trilin  New Age"},"content":{"rendered":"<p>Pratikpen Trilin New Age, ergonomik ve estetik bir tasar\u0131ma sahip olup kullan\u0131m\u0131 son derece konforludur. Standart trilin \u00f6l\u00e7\u00fclerinde \u00fcretilmi\u015ftir. Ucu paslanmaz \u00e7eliktir. \u00c7ok ince \u00e7izgiler i\u00e7in idealdir. Genis m\u00fcrekkep haznesi sayesinde bir dolumda standartlar\u0131n \u00e7ok \u00fczerinde uzun \u00e7izgiler \u00e7ekilebilmektedir. <\/p>","protected":false},"excerpt":{"rendered":"<p>Pratikpen Trilin New Age, ergonomik ve estetik bir tasar\u0131ma sahip olup kullan\u0131m\u0131 son derece konforludur. Standart trilin \u00f6l\u00e7\u00fclerinde \u00fcretilmi\u015ftir. Ucu paslanmaz \u00e7eliktir. \u00c7ok ince \u00e7izgiler i\u00e7in idealdir. Genis m\u00fcrekkep haznesi sayesinde bir dolumda standartlar\u0131n \u00e7ok \u00fczerinde uzun \u00e7izgiler \u00e7ekilebilmektedir.<\/p>","protected":false},"featured_media":2633,"comment_status":"closed","ping_status":"closed","template":"","meta":[],"product_cat":[188],"product_tag":[],"class_list":["post-2632","product","type-product","status-publish","has-post-thumbnail","hentry","product_cat-trilin"],"_links":{"self":[{"href":"https:\/\/www.pratikpen.com\/en\/wp-json\/wp\/v2\/product\/2632"}],"collection":[{"href":"https:\/\/www.pratikpen.com\/en\/wp-json\/wp\/v2\/product"}],"about":[{"href":"https:\/\/www.pratikpen.com\/en\/wp-json\/wp\/v2\/types\/product"}],"replies":[{"embeddable":true,"href":"https:\/\/www.pratikpen.com\/en\/wp-json\/wp\/v2\/comments?post=2632"}],"wp:featuredmedia":[{"embeddable":true,"href":"https:\/\/www.pratikpen.com\/en\/wp-json\/wp\/v2\/media\/2633"}],"wp:attachment":[{"href":"https:\/\/www.pratikpen.com\/en\/wp-json\/wp\/v2\/media?parent=2632"}],"wp:term":[{"taxonomy":"product_cat","embeddable":true,"href":"https:\/\/www.pratikpen.com\/en\/wp-json\/wp\/v2\/product_cat?post=2632"},{"taxonomy":"product_tag","embeddable":true,"href":"https:\/\/www.pratikpen.com\/en\/wp-json\/wp\/v2\/product_tag?post=2632"}],"curies":[{"name":"wp","href":"https:\/\/api.w.org\/{rel}","templated":true}]}}