{"id":2635,"date":"2025-01-14T13:31:30","date_gmt":"2025-01-14T10:31:30","guid":{"rendered":"https:\/\/www.pratikpen.com\/?post_type=product&#038;p=2635"},"modified":"2026-01-17T11:20:23","modified_gmt":"2026-01-17T08:20:23","slug":"trilin-klasik","status":"publish","type":"product","link":"https:\/\/www.pratikpen.com\/en\/product\/trilin-klasik","title":{"rendered":"Trilin Klasik"},"content":{"rendered":"<p>Pratikpen Trilin Klasik, standart trilin \u00f6l\u00e7\u00fclerinde olup ucu paslanmaz \u00e7eliktir. Kullan\u0131m\u0131 rahat ve konforludur. \u00c7izim esnas\u0131nda zemine zarar vermez. <\/p>","protected":false},"excerpt":{"rendered":"<p>Pratikpen Trilin Klasik, standart trilin \u00f6l\u00e7\u00fclerinde olup ucu paslanmaz \u00e7eliktir. Kullan\u0131m\u0131 rahat ve konforludur. \u00c7izim esnas\u0131nda zemine zarar vermez.<\/p>","protected":false},"featured_media":2634,"comment_status":"closed","ping_status":"closed","template":"","meta":[],"product_cat":[188],"product_tag":[],"class_list":["post-2635","product","type-product","status-publish","has-post-thumbnail","hentry","product_cat-trilin"],"_links":{"self":[{"href":"https:\/\/www.pratikpen.com\/en\/wp-json\/wp\/v2\/product\/2635"}],"collection":[{"href":"https:\/\/www.pratikpen.com\/en\/wp-json\/wp\/v2\/product"}],"about":[{"href":"https:\/\/www.pratikpen.com\/en\/wp-json\/wp\/v2\/types\/product"}],"replies":[{"embeddable":true,"href":"https:\/\/www.pratikpen.com\/en\/wp-json\/wp\/v2\/comments?post=2635"}],"wp:featuredmedia":[{"embeddable":true,"href":"https:\/\/www.pratikpen.com\/en\/wp-json\/wp\/v2\/media\/2634"}],"wp:attachment":[{"href":"https:\/\/www.pratikpen.com\/en\/wp-json\/wp\/v2\/media?parent=2635"}],"wp:term":[{"taxonomy":"product_cat","embeddable":true,"href":"https:\/\/www.pratikpen.com\/en\/wp-json\/wp\/v2\/product_cat?post=2635"},{"taxonomy":"product_tag","embeddable":true,"href":"https:\/\/www.pratikpen.com\/en\/wp-json\/wp\/v2\/product_tag?post=2635"}],"curies":[{"name":"wp","href":"https:\/\/api.w.org\/{rel}","templated":true}]}}