{"id":2658,"date":"2025-02-26T20:51:53","date_gmt":"2025-02-26T17:51:53","guid":{"rendered":"https:\/\/www.pratikpen.com\/?post_type=product&#038;p=2658"},"modified":"2026-01-17T11:18:38","modified_gmt":"2026-01-17T08:18:38","slug":"copperplate-oblique-new-age","status":"publish","type":"product","link":"https:\/\/www.pratikpen.com\/en\/product\/copperplate-oblique-new-age","title":{"rendered":"Copperplate Oblique  (Vidal\u0131 Sistem) &#8211; New Age"},"content":{"rendered":"<p>Her t\u00fcrl\u00fc copperplate u\u00e7 i\u00e7in uyumludur.  Kullan\u0131m\u0131 \u00e7ok kolayd\u0131r. U\u00e7 tak\u0131lan b\u00f6l\u00fcm \u00e7eliktir. Sap, kay\u0131n a\u011fac\u0131 olup sade ve ergonomik bir yap\u0131ya sahiptir. Kau\u00e7uk b\u00f6l\u00fcm ise yumu\u015fak ve kaymay\u0131 \u00f6nleyen dokusuyla konforlu bir yaz\u0131 yazma imkan\u0131 sunar.<\/p>","protected":false},"excerpt":{"rendered":"<p>Her t\u00fcrl\u00fc copperplate u\u00e7 i\u00e7in uyumludur. Kullan\u0131m\u0131 \u00e7ok kolayd\u0131r. U\u00e7 tak\u0131lan b\u00f6l\u00fcm \u00e7eliktir. Sap, kay\u0131n a\u011fac\u0131 olup sade ve ergonomik bir yap\u0131ya sahiptir. Kau\u00e7uk b\u00f6l\u00fcm ise yumu\u015fak ve kaymay\u0131 \u00f6nleyen dokusuyla konforlu bir yaz\u0131 yazma imkan\u0131 sunar.<\/p>","protected":false},"featured_media":2655,"comment_status":"closed","ping_status":"closed","template":"","meta":[],"product_cat":[86],"product_tag":[],"class_list":["post-2658","product","type-product","status-publish","has-post-thumbnail","hentry","product_cat-copperplate-uc-ve-saplari"],"_links":{"self":[{"href":"https:\/\/www.pratikpen.com\/en\/wp-json\/wp\/v2\/product\/2658"}],"collection":[{"href":"https:\/\/www.pratikpen.com\/en\/wp-json\/wp\/v2\/product"}],"about":[{"href":"https:\/\/www.pratikpen.com\/en\/wp-json\/wp\/v2\/types\/product"}],"replies":[{"embeddable":true,"href":"https:\/\/www.pratikpen.com\/en\/wp-json\/wp\/v2\/comments?post=2658"}],"wp:featuredmedia":[{"embeddable":true,"href":"https:\/\/www.pratikpen.com\/en\/wp-json\/wp\/v2\/media\/2655"}],"wp:attachment":[{"href":"https:\/\/www.pratikpen.com\/en\/wp-json\/wp\/v2\/media?parent=2658"}],"wp:term":[{"taxonomy":"product_cat","embeddable":true,"href":"https:\/\/www.pratikpen.com\/en\/wp-json\/wp\/v2\/product_cat?post=2658"},{"taxonomy":"product_tag","embeddable":true,"href":"https:\/\/www.pratikpen.com\/en\/wp-json\/wp\/v2\/product_tag?post=2658"}],"curies":[{"name":"wp","href":"https:\/\/api.w.org\/{rel}","templated":true}]}}