{"id":2736,"date":"2025-07-06T11:30:44","date_gmt":"2025-07-06T08:30:44","guid":{"rendered":"https:\/\/www.pratikpen.com\/?post_type=product&#038;p=2736"},"modified":"2026-01-17T11:17:18","modified_gmt":"2026-01-17T08:17:18","slug":"tibetan-bamboo-set","status":"publish","type":"product","link":"https:\/\/www.pratikpen.com\/en\/product\/tibetan-bamboo-set","title":{"rendered":"Tibetan Bamboo Set"},"content":{"rendered":"<p>U\u00e7lar Bambudan \u00fcretilmi\u015ftir.\u00a0 U\u00e7lar\u0131n \u00fczerinde metal m\u00fcrekkep haznesi yer almaktad\u0131r.\u00a0 Tak \u00e7\u0131kar sistemi sayesinde , bu u\u00e7lar i\u00e7in \u00f6zel \u00fcretilen &#8220;Pratikpen Pen Holder for Bamboo Nibs&#8221; ile rahatl\u0131kla kullan\u0131labilir. Daha do\u011fal bir yaz\u0131 imkan\u0131 sunmas\u0131 ile beraber materyal olarak bambu u\u00e7lar\u0131n metal u\u00e7larla k\u0131yasland\u0131\u011f\u0131nda daha hassas ve k\u0131r\u0131lgan oldu\u011fu unutulmamal\u0131d\u0131r.<\/p>","protected":false},"excerpt":{"rendered":"<p>U\u00e7lar Bambudan \u00fcretilmi\u015ftir.\u00a0 U\u00e7lar\u0131n \u00fczerinde metal m\u00fcrekkep haznesi yer almaktad\u0131r.\u00a0 Tak \u00e7\u0131kar sistemi sayesinde , bu u\u00e7lar i\u00e7in \u00f6zel \u00fcretilen &#8220;Pratikpen Pen Holder for Bamboo Nibs&#8221; ile rahatl\u0131kla kullan\u0131labilir. Daha do\u011fal bir yaz\u0131 imkan\u0131 sunmas\u0131 ile beraber materyal olarak bambu u\u00e7lar\u0131n metal u\u00e7larla k\u0131yasland\u0131\u011f\u0131nda daha hassas ve k\u0131r\u0131lgan oldu\u011fu unutulmamal\u0131d\u0131r.<\/p>","protected":false},"featured_media":2734,"comment_status":"closed","ping_status":"closed","template":"","meta":[],"product_cat":[194,227],"product_tag":[],"class_list":["post-2736","product","type-product","status-publish","has-post-thumbnail","hentry","product_cat-tibetan-kalem-ve-setleri","product_cat-indirimli-urunler"],"_links":{"self":[{"href":"https:\/\/www.pratikpen.com\/en\/wp-json\/wp\/v2\/product\/2736"}],"collection":[{"href":"https:\/\/www.pratikpen.com\/en\/wp-json\/wp\/v2\/product"}],"about":[{"href":"https:\/\/www.pratikpen.com\/en\/wp-json\/wp\/v2\/types\/product"}],"replies":[{"embeddable":true,"href":"https:\/\/www.pratikpen.com\/en\/wp-json\/wp\/v2\/comments?post=2736"}],"wp:featuredmedia":[{"embeddable":true,"href":"https:\/\/www.pratikpen.com\/en\/wp-json\/wp\/v2\/media\/2734"}],"wp:attachment":[{"href":"https:\/\/www.pratikpen.com\/en\/wp-json\/wp\/v2\/media?parent=2736"}],"wp:term":[{"taxonomy":"product_cat","embeddable":true,"href":"https:\/\/www.pratikpen.com\/en\/wp-json\/wp\/v2\/product_cat?post=2736"},{"taxonomy":"product_tag","embeddable":true,"href":"https:\/\/www.pratikpen.com\/en\/wp-json\/wp\/v2\/product_tag?post=2736"}],"curies":[{"name":"wp","href":"https:\/\/api.w.org\/{rel}","templated":true}]}}