{"id":2783,"date":"2025-08-05T18:12:31","date_gmt":"2025-08-05T15:12:31","guid":{"rendered":"https:\/\/www.pratikpen.com\/?post_type=product&#038;p=2783"},"modified":"2026-01-17T11:13:21","modified_gmt":"2026-01-17T08:13:21","slug":"stylus-murekkep-karistirici-ink-mixer","status":"publish","type":"product","link":"https:\/\/www.pratikpen.com\/en\/product\/stylus-murekkep-karistirici-ink-mixer","title":{"rendered":"Stylus M\u00fcrekkep Kar\u0131\u015ft\u0131r\u0131c\u0131 \/ Ink Mixer"},"content":{"rendered":"<p>Bambudan \u00fcretilmi\u015ftir.\u00a0 \u00dczerinde bulunan kaplama sayesinde m\u00fcrekkebi i\u00e7ine \u00e7ekmez.\u00a0 Hokka i\u00e7inde bulunan m\u00fcrekkepli likay\u0131 kar\u0131\u015ft\u0131rarak m\u00fcrekkebi yazmaya uygun hale getirmek i\u00e7in idealdir.<\/p>","protected":false},"excerpt":{"rendered":"<p>Bambudan \u00fcretilmi\u015ftir.\u00a0 \u00dczerinde bulunan kaplama sayesinde m\u00fcrekkebi i\u00e7ine \u00e7ekmez.\u00a0 Hokka i\u00e7inde bulunan m\u00fcrekkepli likay\u0131 kar\u0131\u015ft\u0131rarak m\u00fcrekkebi yazmaya uygun hale getirmek i\u00e7in idealdir.<\/p>","protected":false},"featured_media":2782,"comment_status":"closed","ping_status":"closed","template":"","meta":[],"product_cat":[192,226],"product_tag":[],"class_list":["post-2783","product","type-product","status-publish","has-post-thumbnail","hentry","product_cat-hat-malzemeleri","product_cat-diger-urunler"],"_links":{"self":[{"href":"https:\/\/www.pratikpen.com\/en\/wp-json\/wp\/v2\/product\/2783"}],"collection":[{"href":"https:\/\/www.pratikpen.com\/en\/wp-json\/wp\/v2\/product"}],"about":[{"href":"https:\/\/www.pratikpen.com\/en\/wp-json\/wp\/v2\/types\/product"}],"replies":[{"embeddable":true,"href":"https:\/\/www.pratikpen.com\/en\/wp-json\/wp\/v2\/comments?post=2783"}],"wp:featuredmedia":[{"embeddable":true,"href":"https:\/\/www.pratikpen.com\/en\/wp-json\/wp\/v2\/media\/2782"}],"wp:attachment":[{"href":"https:\/\/www.pratikpen.com\/en\/wp-json\/wp\/v2\/media?parent=2783"}],"wp:term":[{"taxonomy":"product_cat","embeddable":true,"href":"https:\/\/www.pratikpen.com\/en\/wp-json\/wp\/v2\/product_cat?post=2783"},{"taxonomy":"product_tag","embeddable":true,"href":"https:\/\/www.pratikpen.com\/en\/wp-json\/wp\/v2\/product_tag?post=2783"}],"curies":[{"name":"wp","href":"https:\/\/api.w.org\/{rel}","templated":true}]}}