{"id":2807,"date":"2025-09-03T01:46:51","date_gmt":"2025-09-02T22:46:51","guid":{"rendered":"https:\/\/www.pratikpen.com\/?post_type=product&#038;p=2807"},"modified":"2026-01-14T21:23:20","modified_gmt":"2026-01-14T18:23:20","slug":"t-set-klasik-eco","status":"publish","type":"product","link":"https:\/\/www.pratikpen.com\/en\/product\/t-set-klasik-eco","title":{"rendered":"T Set Klasik Eco"},"content":{"rendered":"<p>Kalem sap\u0131, kay\u0131n a\u011fac\u0131ndan \u00fcretilmi\u015ftir. U\u00e7lar, T d\u00fcz formdad\u0131r. U\u00e7lar, \u00e7elikten \u00fcretilmi\u015ftir.\u00a0 U\u00e7lar\u0131n uzun \u00f6m\u00fcrl\u00fc olmas\u0131 i\u00e7in, kullan\u0131mdan sonra temizlenmesi ve kurulanmas\u0131 \u00f6nemlidir. Kalem u\u00e7lar\u0131 inceltilmi\u015ftir. Bu sayede daha keskin yaz\u0131lar elde edilir. Ak\u0131\u015fkan her t\u00fcrl\u00fc m\u00fcrekkep ve boya ile kullan\u0131labilir.<\/p>","protected":false},"excerpt":{"rendered":"<p>Kalem sap\u0131, kay\u0131n a\u011fac\u0131ndan \u00fcretilmi\u015ftir. U\u00e7lar, T d\u00fcz formdad\u0131r. U\u00e7lar, \u00e7elikten \u00fcretilmi\u015ftir.\u00a0 U\u00e7lar\u0131n uzun \u00f6m\u00fcrl\u00fc olmas\u0131 i\u00e7in, kullan\u0131mdan sonra temizlenmesi ve kurulanmas\u0131 \u00f6nemlidir. Kalem u\u00e7lar\u0131 inceltilmi\u015ftir. Bu sayede daha keskin yaz\u0131lar elde edilir. Ak\u0131\u015fkan her t\u00fcrl\u00fc m\u00fcrekkep ve boya ile kullan\u0131labilir.<\/p>","protected":false},"featured_media":2830,"comment_status":"closed","ping_status":"closed","template":"","meta":[],"product_cat":[208],"product_tag":[],"class_list":["post-2807","product","type-product","status-publish","has-post-thumbnail","hentry","product_cat-t-duz-kalemler-ve-seti-klasik"],"_links":{"self":[{"href":"https:\/\/www.pratikpen.com\/en\/wp-json\/wp\/v2\/product\/2807"}],"collection":[{"href":"https:\/\/www.pratikpen.com\/en\/wp-json\/wp\/v2\/product"}],"about":[{"href":"https:\/\/www.pratikpen.com\/en\/wp-json\/wp\/v2\/types\/product"}],"replies":[{"embeddable":true,"href":"https:\/\/www.pratikpen.com\/en\/wp-json\/wp\/v2\/comments?post=2807"}],"wp:featuredmedia":[{"embeddable":true,"href":"https:\/\/www.pratikpen.com\/en\/wp-json\/wp\/v2\/media\/2830"}],"wp:attachment":[{"href":"https:\/\/www.pratikpen.com\/en\/wp-json\/wp\/v2\/media?parent=2807"}],"wp:term":[{"taxonomy":"product_cat","embeddable":true,"href":"https:\/\/www.pratikpen.com\/en\/wp-json\/wp\/v2\/product_cat?post=2807"},{"taxonomy":"product_tag","embeddable":true,"href":"https:\/\/www.pratikpen.com\/en\/wp-json\/wp\/v2\/product_tag?post=2807"}],"curies":[{"name":"wp","href":"https:\/\/api.w.org\/{rel}","templated":true}]}}