{"id":2827,"date":"2025-10-10T15:22:08","date_gmt":"2025-10-10T12:22:08","guid":{"rendered":"https:\/\/www.pratikpen.com\/?post_type=product&#038;p=2827"},"modified":"2026-01-17T10:52:03","modified_gmt":"2026-01-17T07:52:03","slug":"hat-set-new-age-eco","status":"publish","type":"product","link":"https:\/\/www.pratikpen.com\/en\/product\/hat-set-new-age-eco","title":{"rendered":"Hat Set  New Age Eco"},"content":{"rendered":"<p>Sette bir adet kalem sap\u0131,\u00a0 hokka-lika ve 8 adet \u00e7elik u\u00e7 bulunmaktad\u0131r. U\u00e7 numaralar\u0131 s\u0131ras\u0131yla 1mm , 1.5mm, 2mm,\u00a0 2.5mm, 3mm,\u00a0 3.5mm, 4mm ve 5mm dir. Nesih, Rik&#8217;a,\u00a0 S\u00fcl\u00fcs,\u00a0 Divani ve Devnagri yazmaya uygundur. U\u00e7lar\u0131n uzun \u00f6m\u00fcrl\u00fc olmas\u0131 i\u00e7in her kullan\u0131mda sonra mutlaka temizleyiniz ve U\u00e7lar\u0131 kurulay\u0131n\u0131z. Sa\u011f ve sol el ile kullan\u0131labilir.<\/p>","protected":false},"excerpt":{"rendered":"<p>Sette bir adet kalem sap\u0131,\u00a0 hokka-lika ve 8 adet \u00e7elik u\u00e7 bulunmaktad\u0131r. U\u00e7 numaralar\u0131 s\u0131ras\u0131yla 1mm , 1.5mm, 2mm,\u00a0 2.5mm, 3mm,\u00a0 3.5mm, 4mm ve 5mm dir. Nesih, Rik&#8217;a,\u00a0 S\u00fcl\u00fcs,\u00a0 Divani ve Devnagri yazmaya uygundur. U\u00e7lar\u0131n uzun \u00f6m\u00fcrl\u00fc olmas\u0131 i\u00e7in her kullan\u0131mda sonra mutlaka temizleyiniz ve U\u00e7lar\u0131 kurulay\u0131n\u0131z. Sa\u011f ve sol el ile kullan\u0131labilir.<\/p>","protected":false},"featured_media":2829,"comment_status":"closed","ping_status":"closed","template":"","meta":[],"product_cat":[191],"product_tag":[],"class_list":["post-2827","product","type-product","status-publish","has-post-thumbnail","hentry","product_cat-hat-kalem-setleri"],"_links":{"self":[{"href":"https:\/\/www.pratikpen.com\/en\/wp-json\/wp\/v2\/product\/2827"}],"collection":[{"href":"https:\/\/www.pratikpen.com\/en\/wp-json\/wp\/v2\/product"}],"about":[{"href":"https:\/\/www.pratikpen.com\/en\/wp-json\/wp\/v2\/types\/product"}],"replies":[{"embeddable":true,"href":"https:\/\/www.pratikpen.com\/en\/wp-json\/wp\/v2\/comments?post=2827"}],"wp:featuredmedia":[{"embeddable":true,"href":"https:\/\/www.pratikpen.com\/en\/wp-json\/wp\/v2\/media\/2829"}],"wp:attachment":[{"href":"https:\/\/www.pratikpen.com\/en\/wp-json\/wp\/v2\/media?parent=2827"}],"wp:term":[{"taxonomy":"product_cat","embeddable":true,"href":"https:\/\/www.pratikpen.com\/en\/wp-json\/wp\/v2\/product_cat?post=2827"},{"taxonomy":"product_tag","embeddable":true,"href":"https:\/\/www.pratikpen.com\/en\/wp-json\/wp\/v2\/product_tag?post=2827"}],"curies":[{"name":"wp","href":"https:\/\/api.w.org\/{rel}","templated":true}]}}