{"id":2838,"date":"2025-10-25T16:17:20","date_gmt":"2025-10-25T13:17:20","guid":{"rendered":"https:\/\/www.pratikpen.com\/?post_type=product&#038;p=2838"},"modified":"2026-03-01T09:07:36","modified_gmt":"2026-03-01T06:07:36","slug":"s1-new-age-imza-ve-el-yazisi-kalemi","status":"publish","type":"product","link":"https:\/\/www.pratikpen.com\/en\/product\/s1-new-age-imza-ve-el-yazisi-kalemi","title":{"rendered":"S1 Serbest Yaz\u0131 Kalemi Seti New Age \/ Freestyle Writing Pen Set New Age"},"content":{"rendered":"<p>EN : This pen is suitable for everyone to use comfortably. It is especially recommended for use with fountain pen inks. It can also be used with other paints with increased fluidity. It can be used for many purposes such as signatures, handwriting, freehand sketching, contouring, drawing, hatching, etc. It has a line thickness of approximately 1 millimeter. The pen tip and the grip on the pen handle are made of steel and have a special coating. The pen handle is made of beech wood and has an ergonomic design. The double-chambered pen tip allows for more ink to be stored in the tip. This allows for longer writing times with a single dip of the pen tip. The pen can be used with both the right and left hand. If the pen tip is washed with water and dried with a tissue or similar after each use, you can always use the pen with its original performance. The set includes the S1 Freestyle writing pen, Pelikan Fountain Pen Ink, pen holder, and nib cleaner tool.<\/p>\n<p>TR : Bu kalem herkesin rahatl\u0131kla kullanabilece\u011fi \u015fekilde tasarlanm\u0131\u015ft\u0131r. \u00d6zellikle dolma kalem m\u00fcrekkebiyle kullan\u0131m\u0131 tavsiye edilir. Daha ak\u0131\u015fkan bir yap\u0131ya sahip di\u011fer m\u00fcrekkeplerle de kullan\u0131labilir. \u0130mza, el yaz\u0131s\u0131, serbest el \u00e7izimi, kontur, \u00e7izim, tarama vb. bir\u00e7ok ama\u00e7 i\u00e7in kullan\u0131labilir. Yakla\u015f\u0131k 1 milimetre \u00e7izgi kal\u0131nl\u0131\u011f\u0131na sahiptir. Kalem ucu ve kalem sap\u0131ndaki tutma yeri \u00e7elikten yap\u0131lm\u0131\u015f ve \u00f6zel bir kaplamaya sahiptir. Kalem sap\u0131 kay\u0131n a\u011fac\u0131ndan yap\u0131lm\u0131\u015f olup ergonomik bir tasar\u0131ma sahiptir. \u00c7ift hazneli kalem ucu, u\u00e7ta daha fazla m\u00fcrekkep depolanmas\u0131n\u0131 sa\u011flar. Bu, kalem ucunu tek seferde bat\u0131rarak daha uzun s\u00fcre yazman\u0131za olanak tan\u0131r. Kalem hem sa\u011f hem de sol elle kullan\u0131labilir. Kalem ucu her kullan\u0131mdan sonra suyla y\u0131kan\u0131p bir mendil veya benzeri bir \u015feyle kurutulursa, kalem her zaman orijinal performans\u0131yla kullan\u0131labilir. Sette, S1 Serbest yaz\u0131 kalemi, Pelikan Dolmakalem M\u00fcrekkebi, kalem yast\u0131\u011f\u0131 ve u\u00e7 temizleme aparat\u0131 yer almaktad\u0131r.<\/p>","protected":false},"excerpt":{"rendered":"<p>EN : This pen is suitable for everyone to use comfortably. It is especially recommended for use with fountain pen inks. It can also be used with other paints with increased fluidity. It can be used for many purposes such as signatures, handwriting, freehand sketching, contouring, drawing, hatching, etc. It has a line thickness of [&hellip;]<\/p>","protected":false},"featured_media":0,"comment_status":"closed","ping_status":"closed","template":"","meta":[],"product_cat":[192,80,226],"product_tag":[],"class_list":["post-2838","product","type-product","status-publish","hentry","product_cat-hat-malzemeleri","product_cat-t-duz-kalemler-ve-seti-new-age","product_cat-diger-urunler"],"_links":{"self":[{"href":"https:\/\/www.pratikpen.com\/en\/wp-json\/wp\/v2\/product\/2838"}],"collection":[{"href":"https:\/\/www.pratikpen.com\/en\/wp-json\/wp\/v2\/product"}],"about":[{"href":"https:\/\/www.pratikpen.com\/en\/wp-json\/wp\/v2\/types\/product"}],"replies":[{"embeddable":true,"href":"https:\/\/www.pratikpen.com\/en\/wp-json\/wp\/v2\/comments?post=2838"}],"wp:attachment":[{"href":"https:\/\/www.pratikpen.com\/en\/wp-json\/wp\/v2\/media?parent=2838"}],"wp:term":[{"taxonomy":"product_cat","embeddable":true,"href":"https:\/\/www.pratikpen.com\/en\/wp-json\/wp\/v2\/product_cat?post=2838"},{"taxonomy":"product_tag","embeddable":true,"href":"https:\/\/www.pratikpen.com\/en\/wp-json\/wp\/v2\/product_tag?post=2838"}],"curies":[{"name":"wp","href":"https:\/\/api.w.org\/{rel}","templated":true}]}}