{"id":2925,"date":"2026-02-20T15:52:10","date_gmt":"2026-02-20T12:52:10","guid":{"rendered":"https:\/\/www.pratikpen.com\/?post_type=product&#038;p=2925"},"modified":"2026-02-25T07:06:19","modified_gmt":"2026-02-25T04:06:19","slug":"kalemlik-fircalik-masif-3lu","status":"publish","type":"product","link":"https:\/\/www.pratikpen.com\/en\/product\/kalemlik-fircalik-masif-3lu","title":{"rendered":"Kalemlik \/ F\u0131r\u00e7al\u0131k Masif 3&#8217;l\u00fc"},"content":{"rendered":"<p>EN : This product, with its elegant and aesthetic design, is made of solid beech wood and holds 3 pens\/brushes. You can place your pens or brushes on this stand during breaks while using them, thus keeping your workspace clean. You can keep it on your desk at all times, or, thanks to its ergonomic design, you can easily carry it in your bag wherever you want.<\/p>\n<p>TR : Bu \u00fcr\u00fcn. zarif ve estetik tasar\u0131m\u0131yla 3 adet kalem \/ f\u0131r\u00e7a i\u00e7in masif kay\u0131n a\u011fac\u0131ndan \u00fcretilmi\u015ftir.Kalem veya f\u0131r\u00e7an\u0131z\u0131 kullan\u0131rken \u00e7al\u0131\u015fma aralar\u0131nda kalem veya f\u0131r\u00e7an\u0131z\u0131 bu standa koyabilirsiniz. bu sayede \u00e7al\u0131\u015fma ortam\u0131n\u0131z kirlenmemi\u015f olur. Devaml\u0131 masan\u0131z\u0131n \u00fczerinde bulundurabilece\u011finiz gibi dilerseniz ergonomik yap\u0131s\u0131 itibariyle \u00e7antan\u0131zda da diledi\u011finiz yere g\u00f6t\u00fcrebilirsiniz.<\/p>","protected":false},"excerpt":{"rendered":"<p>EN : This product, with its elegant and aesthetic design, is made of solid beech wood and holds 3 pens\/brushes. You can place your pens or brushes on this stand during breaks while using them, thus keeping your workspace clean. You can keep it on your desk at all times, or, thanks to its ergonomic [&hellip;]<\/p>","protected":false},"featured_media":2924,"comment_status":"closed","ping_status":"closed","template":"","meta":[],"product_cat":[192,92,226],"product_tag":[],"class_list":["post-2925","product","type-product","status-publish","has-post-thumbnail","hentry","product_cat-hat-malzemeleri","product_cat-masa-ustu-kalemlik-fircalik","product_cat-diger-urunler"],"_links":{"self":[{"href":"https:\/\/www.pratikpen.com\/en\/wp-json\/wp\/v2\/product\/2925"}],"collection":[{"href":"https:\/\/www.pratikpen.com\/en\/wp-json\/wp\/v2\/product"}],"about":[{"href":"https:\/\/www.pratikpen.com\/en\/wp-json\/wp\/v2\/types\/product"}],"replies":[{"embeddable":true,"href":"https:\/\/www.pratikpen.com\/en\/wp-json\/wp\/v2\/comments?post=2925"}],"wp:featuredmedia":[{"embeddable":true,"href":"https:\/\/www.pratikpen.com\/en\/wp-json\/wp\/v2\/media\/2924"}],"wp:attachment":[{"href":"https:\/\/www.pratikpen.com\/en\/wp-json\/wp\/v2\/media?parent=2925"}],"wp:term":[{"taxonomy":"product_cat","embeddable":true,"href":"https:\/\/www.pratikpen.com\/en\/wp-json\/wp\/v2\/product_cat?post=2925"},{"taxonomy":"product_tag","embeddable":true,"href":"https:\/\/www.pratikpen.com\/en\/wp-json\/wp\/v2\/product_tag?post=2925"}],"curies":[{"name":"wp","href":"https:\/\/api.w.org\/{rel}","templated":true}]}}