{"id":2988,"date":"2026-02-28T12:27:33","date_gmt":"2026-02-28T09:27:33","guid":{"rendered":"https:\/\/www.pratikpen.com\/?post_type=product&#038;p=2988"},"modified":"2026-03-01T08:41:47","modified_gmt":"2026-03-01T05:41:47","slug":"nesih-rika-set-new-age","status":"publish","type":"product","link":"https:\/\/www.pratikpen.com\/en\/product\/nesih-rika-set-new-age","title":{"rendered":"Nesih-Rik&#8217;a Set New Age"},"content":{"rendered":"<p>En : Pratikpen Nesih-Rik&#8217;a Set New Age.<br \/>\nThe pen nib and grip are made of specially coated steel. The pen handle is ergonomically crafted from beech wood. Suitable for both right and left-handed use. Ideal for Naskh, Riqa, Thuluth, Divani, and Devnagari writing styles. It is recommended to wash the pen tips with water after each use and dry them with a tissue or similar. This will ensure the pens maintain their original performance for many years. The pen cover is made of genuine leather with an original Pratikpen design.<\/p>\n<p>TR : Pratikpen Nesih-Rik&#8217;a Set New Age.<br \/>\nKalem ucu ve tutma yerleri \u00f6zel kaplanm\u0131\u015f \u00e7eliktir. Kalem sap\u0131 ergonomik olarak kay\u0131n a\u011fac\u0131ndan \u00fcretilmi\u015ftir. Sa\u011f ve sol el ile kullan\u0131ma uygundur. Nesih, Rik&#8217;a,  S\u00fcl\u00fcs,  Divani ve Devnagari yaz\u0131 stilleri i\u00e7in idealdir. Kalem u\u00e7lar\u0131, her kullan\u0131mdan sonra su ile y\u0131kan\u0131p pe\u00e7ete vb. \u0130le kurulanmas\u0131 tavsiye edilir. Bu sayede kalemler ilk g\u00fcnk\u00fc performans\u0131n\u0131 uzun y\u0131llar koruyacakt\u0131r. Kalemlik,  hakiki deriden \u00f6zg\u00fcn pratikpen tasar\u0131m\u0131 ile sizler i\u00e7in \u00fcretilmi\u015ftir.<\/p>","protected":false},"excerpt":{"rendered":"<p>En : Pratikpen Nesih-Rik&#8217;a Set New Age. The pen nib and grip are made of specially coated steel. The pen handle is ergonomically crafted from beech wood. Suitable for both right and left-handed use. Ideal for Naskh, Riqa, Thuluth, Divani, and Devnagari writing styles. It is recommended to wash the pen tips with water after [&hellip;]<\/p>","protected":false},"featured_media":2986,"comment_status":"closed","ping_status":"closed","template":"","meta":[],"product_cat":[191],"product_tag":[],"class_list":["post-2988","product","type-product","status-publish","has-post-thumbnail","hentry","product_cat-hat-kalem-setleri"],"_links":{"self":[{"href":"https:\/\/www.pratikpen.com\/en\/wp-json\/wp\/v2\/product\/2988"}],"collection":[{"href":"https:\/\/www.pratikpen.com\/en\/wp-json\/wp\/v2\/product"}],"about":[{"href":"https:\/\/www.pratikpen.com\/en\/wp-json\/wp\/v2\/types\/product"}],"replies":[{"embeddable":true,"href":"https:\/\/www.pratikpen.com\/en\/wp-json\/wp\/v2\/comments?post=2988"}],"wp:featuredmedia":[{"embeddable":true,"href":"https:\/\/www.pratikpen.com\/en\/wp-json\/wp\/v2\/media\/2986"}],"wp:attachment":[{"href":"https:\/\/www.pratikpen.com\/en\/wp-json\/wp\/v2\/media?parent=2988"}],"wp:term":[{"taxonomy":"product_cat","embeddable":true,"href":"https:\/\/www.pratikpen.com\/en\/wp-json\/wp\/v2\/product_cat?post=2988"},{"taxonomy":"product_tag","embeddable":true,"href":"https:\/\/www.pratikpen.com\/en\/wp-json\/wp\/v2\/product_tag?post=2988"}],"curies":[{"name":"wp","href":"https:\/\/api.w.org\/{rel}","templated":true}]}}