{"id":2995,"date":"2026-03-01T08:58:36","date_gmt":"2026-03-01T05:58:36","guid":{"rendered":"https:\/\/www.pratikpen.com\/?post_type=product&#038;p=2995"},"modified":"2026-03-01T08:58:37","modified_gmt":"2026-03-01T05:58:37","slug":"s1-serbest-yazi-kalemi-freestyle-writing-pen","status":"publish","type":"product","link":"https:\/\/www.pratikpen.com\/en\/product\/s1-serbest-yazi-kalemi-freestyle-writing-pen","title":{"rendered":"S1 Serbest Yaz\u0131 Kalemi \/ Freestyle Writing Pen"},"content":{"rendered":"<p>EN : This pen is suitable for everyone to use comfortably. It is especially recommended for use with fountain pen inks. It can also be used with other paints with increased fluidity. It can be used for many purposes such as signatures, handwriting, freehand sketching, contouring, drawing, hatching, etc. It has a line thickness of approximately 1 millimeter. The pen tip and the grip on the pen handle are made of steel and have a special coating. The pen handle is made of beech wood and has an ergonomic design. The double-chambered pen tip allows for more ink to be stored in the tip. This allows for longer writing times with a single dip of the pen tip. The pen can be used with both the right and left hand. If the pen tip is washed with water and dried with a tissue or similar after each use, you can always use the pen with its original performance.<\/p>\n<p>TR : Herkesin rahatl\u0131kla kullanabilece\u011fi bir kalemdir. \u00d6zellikle dolmakalem m\u00fcrekkepleri ile kullan\u0131lmas\u0131 tavsiye edilir. ak\u0131\u015fkanl\u0131\u011f\u0131 art\u0131r\u0131lm\u0131\u015f di\u011fer boyalarla da kullan\u0131labilir. imza , el yaz\u0131s\u0131, serbest karalama, kont\u00f6r \u00e7ekme, eskiz, tarama yapma vb bir\u00e7ok \u015fekilde kullan\u0131labilir. yakla\u015f\u0131k 1milimetre \u00e7izgi kal\u0131nl\u0131\u011f\u0131 vard\u0131r. Kalem ucu ve kalem sap\u0131ndaki tutma yeri \u00e7elikten \u00fcretilmi\u015ftir ve \u00f6zel kaplamaya sahiptir. Kalem sap\u0131 ise kay\u0131n a\u011fac\u0131ndan \u00fcretilmi\u015f olup ergonomik bir yap\u0131dad\u0131r. Kalem ucunun \u00e7ift hazneli olmas\u0131, kalem ucunda daha fazla m\u00fcrekkep depolanmas\u0131na olanak tan\u0131r. Bu da kalem ucunu bir defa m\u00fcrekkebe dald\u0131r\u0131\u015fla daha uzun yazma imkan\u0131 tan\u0131r. Kalem, Sa\u011f ve sol el ile kullan\u0131labilir. Kalem ucu, her kullan\u0131mdan sonra su ile y\u0131kan\u0131p pe\u00e7ete vb. ile kurulan\u0131rsa her zaman kalemi ilk g\u00fcnk\u00fc performans\u0131nda kullanabilirsiniz.<\/p>","protected":false},"excerpt":{"rendered":"<p>EN : This pen is suitable for everyone to use comfortably. It is especially recommended for use with fountain pen inks. It can also be used with other paints with increased fluidity. It can be used for many purposes such as signatures, handwriting, freehand sketching, contouring, drawing, hatching, etc. It has a line thickness of [&hellip;]<\/p>","protected":false},"featured_media":2994,"comment_status":"closed","ping_status":"closed","template":"","meta":[],"product_cat":[192,226],"product_tag":[],"class_list":["post-2995","product","type-product","status-publish","has-post-thumbnail","hentry","product_cat-hat-malzemeleri","product_cat-diger-urunler"],"_links":{"self":[{"href":"https:\/\/www.pratikpen.com\/en\/wp-json\/wp\/v2\/product\/2995"}],"collection":[{"href":"https:\/\/www.pratikpen.com\/en\/wp-json\/wp\/v2\/product"}],"about":[{"href":"https:\/\/www.pratikpen.com\/en\/wp-json\/wp\/v2\/types\/product"}],"replies":[{"embeddable":true,"href":"https:\/\/www.pratikpen.com\/en\/wp-json\/wp\/v2\/comments?post=2995"}],"wp:featuredmedia":[{"embeddable":true,"href":"https:\/\/www.pratikpen.com\/en\/wp-json\/wp\/v2\/media\/2994"}],"wp:attachment":[{"href":"https:\/\/www.pratikpen.com\/en\/wp-json\/wp\/v2\/media?parent=2995"}],"wp:term":[{"taxonomy":"product_cat","embeddable":true,"href":"https:\/\/www.pratikpen.com\/en\/wp-json\/wp\/v2\/product_cat?post=2995"},{"taxonomy":"product_tag","embeddable":true,"href":"https:\/\/www.pratikpen.com\/en\/wp-json\/wp\/v2\/product_tag?post=2995"}],"curies":[{"name":"wp","href":"https:\/\/api.w.org\/{rel}","templated":true}]}}