{"id":697,"date":"2021-04-25T00:58:39","date_gmt":"2021-04-24T21:58:39","guid":{"rendered":"http:\/\/192.168.1.16\/pratikpen.com\/?post_type=product&#038;p=697"},"modified":"2026-02-28T11:02:59","modified_gmt":"2026-02-28T08:02:59","slug":"mix-set","status":"publish","type":"product","link":"https:\/\/www.pratikpen.com\/en\/product\/mix-set","title":{"rendered":"Mix Set Klasik"},"content":{"rendered":"<p>EN : MIX SET CLASSIC: The pen handles are made of beech wood. The grip has a rubber section for comfortable finger handling. The pen nibs are made of steel and have a special coating. Thanks to the detachable system, the pen nibs can be separated from the handles. The pen cover is made of genuine leather. To ensure the pens last longer, it is recommended to clean the nibs with water after each use and dry them with a tissue or similar.<\/p>\n<p>TR : M\u0130X SET KLAS\u0130K: Kalem saplar\u0131 kay\u0131n a\u011fac\u0131ndan \u00fcretilmi\u015ftir. Tutma yerinde, parmaklar\u0131n rahat kavramas\u0131 i\u00e7in kau\u00e7uk b\u00f6l\u00fcm vard\u0131r. Kalem u\u00e7lar\u0131 \u00e7elikten \u00fcretilmi\u015ftir ve \u00fczerlerinde \u00f6zel kaplama mevcuttur. Tak \u00e7\u0131kar sistemi sayesinde kalem u\u00e7lar\u0131, kalem saplar\u0131ndan ayr\u0131labilmektedir. Kalemlik ise hakiki deriden \u00fcretilmi\u015ftir. Kalemlerin uzun \u00f6m\u00fcrl\u00fc olabilmesi i\u00e7in her kullan\u0131mdan sonra kalem u\u00e7lar\u0131n\u0131n su ile temizlenip pe\u00e7ete vb. \u0130le kurulanmas\u0131 tavsiye edilir.<\/p>","protected":false},"excerpt":{"rendered":"<p>EN : MIX SET CLASSIC: The pen handles are made of beech wood. The grip has a rubber section for comfortable finger handling. The pen nibs are made of steel and have a special coating. Thanks to the detachable system, the pen nibs can be separated from the handles. The pen cover is made of [&hellip;]<\/p>","protected":false},"featured_media":2614,"comment_status":"open","ping_status":"closed","template":"","meta":[],"product_cat":[208,197,193],"product_tag":[],"class_list":["post-697","product","type-product","status-publish","has-post-thumbnail","hentry","product_cat-t-duz-kalemler-ve-seti-klasik","product_cat-t-desenli-kalem-ve-setleri-klasik-new-age","product_cat-ruling-kalem-ve-setleri"],"_links":{"self":[{"href":"https:\/\/www.pratikpen.com\/en\/wp-json\/wp\/v2\/product\/697"}],"collection":[{"href":"https:\/\/www.pratikpen.com\/en\/wp-json\/wp\/v2\/product"}],"about":[{"href":"https:\/\/www.pratikpen.com\/en\/wp-json\/wp\/v2\/types\/product"}],"replies":[{"embeddable":true,"href":"https:\/\/www.pratikpen.com\/en\/wp-json\/wp\/v2\/comments?post=697"}],"wp:featuredmedia":[{"embeddable":true,"href":"https:\/\/www.pratikpen.com\/en\/wp-json\/wp\/v2\/media\/2614"}],"wp:attachment":[{"href":"https:\/\/www.pratikpen.com\/en\/wp-json\/wp\/v2\/media?parent=697"}],"wp:term":[{"taxonomy":"product_cat","embeddable":true,"href":"https:\/\/www.pratikpen.com\/en\/wp-json\/wp\/v2\/product_cat?post=697"},{"taxonomy":"product_tag","embeddable":true,"href":"https:\/\/www.pratikpen.com\/en\/wp-json\/wp\/v2\/product_tag?post=697"}],"curies":[{"name":"wp","href":"https:\/\/api.w.org\/{rel}","templated":true}]}}