{"id":937,"date":"2021-04-25T16:26:12","date_gmt":"2021-04-25T13:26:12","guid":{"rendered":"http:\/\/192.168.1.16\/pratikpen.com\/?post_type=product&#038;p=937"},"modified":"2026-01-17T12:09:36","modified_gmt":"2026-01-17T09:09:36","slug":"f4-rose","status":"publish","type":"product","link":"https:\/\/www.pratikpen.com\/en\/product\/f4-rose","title":{"rendered":"F4 Folded Nib Rose"},"content":{"rendered":"<p>Made of stainless metal.<\/p>\n<p>It is used with the pen handle.<\/p>\n<p>It is compatible with all standard pen handles.<\/p>","protected":false},"excerpt":{"rendered":"<p>Paslanmaz metalden \u00fcretilmi\u015ftir. Kalem sap\u0131 ile beraber kullan\u0131l\u0131r. Standart b\u00fct\u00fcn kalem saplar\u0131na uyumludur.<\/p>","protected":false},"featured_media":1146,"comment_status":"open","ping_status":"closed","template":"","meta":[],"product_cat":[90],"product_tag":[],"class_list":["post-937","product","type-product","status-publish","has-post-thumbnail","hentry","product_cat-folded-nib"],"_links":{"self":[{"href":"https:\/\/www.pratikpen.com\/en\/wp-json\/wp\/v2\/product\/937"}],"collection":[{"href":"https:\/\/www.pratikpen.com\/en\/wp-json\/wp\/v2\/product"}],"about":[{"href":"https:\/\/www.pratikpen.com\/en\/wp-json\/wp\/v2\/types\/product"}],"replies":[{"embeddable":true,"href":"https:\/\/www.pratikpen.com\/en\/wp-json\/wp\/v2\/comments?post=937"}],"wp:featuredmedia":[{"embeddable":true,"href":"https:\/\/www.pratikpen.com\/en\/wp-json\/wp\/v2\/media\/1146"}],"wp:attachment":[{"href":"https:\/\/www.pratikpen.com\/en\/wp-json\/wp\/v2\/media?parent=937"}],"wp:term":[{"taxonomy":"product_cat","embeddable":true,"href":"https:\/\/www.pratikpen.com\/en\/wp-json\/wp\/v2\/product_cat?post=937"},{"taxonomy":"product_tag","embeddable":true,"href":"https:\/\/www.pratikpen.com\/en\/wp-json\/wp\/v2\/product_tag?post=937"}],"curies":[{"name":"wp","href":"https:\/\/api.w.org\/{rel}","templated":true}]}}